{"id":348,"date":"2015-08-12T13:02:11","date_gmt":"2015-08-12T11:02:11","guid":{"rendered":"http:\/\/www.voeav-niederoesterreich.at\/?page_id=348"},"modified":"2026-02-02T14:18:31","modified_gmt":"2026-02-02T13:18:31","slug":"downloads","status":"publish","type":"page","link":"https:\/\/www.oevf-niederoesterreich.at\/?page_id=348","title":{"rendered":"Downloads"},"content":{"rendered":"\n<p><a href=\"https:\/\/www.oevf-niederoesterreich.at\/wp-content\/uploads\/2026\/02\/Mitgliedsbeitraege-und-Nenngebuehren.pdf\">Mitgliedsbeitr\u00e4ge und Nenngeb\u00fchren<\/a><\/p>\n\n\n\n<hr class=\"wp-block-separator has-alpha-channel-opacity\"\/>\n\n\n\n<p><a href=\"https:\/\/www.oevf-niederoesterreich.at\/wp-content\/uploads\/2025\/04\/OEVF-Ehrungsantrag-Foto-ab-2014.xlsx\">Antrag auf Ehrung f\u00fcr fotografische Leistungen<\/a><br><a href=\"https:\/\/www.oevf-niederoesterreich.at\/wp-content\/uploads\/2025\/04\/OEVF-Punkteregulativ-Foto.pdf\">Punkteregulativ Ehrungen f\u00fcr fotografische Leistungen<\/a><\/p>\n\n\n\n<hr class=\"wp-block-separator has-alpha-channel-opacity\"\/>\n\n\n\n<p><a href=\"https:\/\/www.oevf-niederoesterreich.at\/wp-content\/uploads\/2025\/04\/OEVF-Ehrungsantrag-Funktion.xlsx\">Antrag auf Ehrung f\u00fcr Funnktion\u00e4rst\u00e4tigkeit<\/a><br><a href=\"https:\/\/www.oevf-niederoesterreich.at\/wp-content\/uploads\/2025\/04\/OEVF-Punkteregulativ-Funktionaersehrungen.pdf\">Punkteregulativ Ehrungen f\u00fcr Funktion\u00e4rst\u00e4tigkeit<\/a><\/p>\n\n\n\n<p><\/p>\n","protected":false},"excerpt":{"rendered":"<p>Mitgliedsbeitr\u00e4ge und Nenngeb\u00fchren Antrag auf Ehrung f\u00fcr fotografische LeistungenPunkteregulativ Ehrungen f\u00fcr fotografische Leistungen Antrag auf Ehrung f\u00fcr Funnktion\u00e4rst\u00e4tigkeitPunkteregulativ Ehrungen f\u00fcr Funktion\u00e4rst\u00e4tigkeit<\/p>\n","protected":false},"author":1,"featured_media":0,"parent":0,"menu_order":0,"comment_status":"open","ping_status":"open","template":"","meta":{"jetpack_post_was_ever_published":false,"footnotes":""},"class_list":["post-348","page","type-page","status-publish","hentry"],"jetpack_sharing_enabled":true,"jetpack_shortlink":"https:\/\/wp.me\/P9Hgc8-5C","jetpack_likes_enabled":true,"jetpack-related-posts":[],"_links":{"self":[{"href":"https:\/\/www.oevf-niederoesterreich.at\/index.php?rest_route=\/wp\/v2\/pages\/348","targetHints":{"allow":["GET"]}}],"collection":[{"href":"https:\/\/www.oevf-niederoesterreich.at\/index.php?rest_route=\/wp\/v2\/pages"}],"about":[{"href":"https:\/\/www.oevf-niederoesterreich.at\/index.php?rest_route=\/wp\/v2\/types\/page"}],"author":[{"embeddable":true,"href":"https:\/\/www.oevf-niederoesterreich.at\/index.php?rest_route=\/wp\/v2\/users\/1"}],"replies":[{"embeddable":true,"href":"https:\/\/www.oevf-niederoesterreich.at\/index.php?rest_route=%2Fwp%2Fv2%2Fcomments&post=348"}],"version-history":[{"count":5,"href":"https:\/\/www.oevf-niederoesterreich.at\/index.php?rest_route=\/wp\/v2\/pages\/348\/revisions"}],"predecessor-version":[{"id":1692,"href":"https:\/\/www.oevf-niederoesterreich.at\/index.php?rest_route=\/wp\/v2\/pages\/348\/revisions\/1692"}],"wp:attachment":[{"href":"https:\/\/www.oevf-niederoesterreich.at\/index.php?rest_route=%2Fwp%2Fv2%2Fmedia&parent=348"}],"curies":[{"name":"wp","href":"https:\/\/api.w.org\/{rel}","templated":true}]}}